{"id":315,"date":"2023-08-11T21:35:24","date_gmt":"2023-08-11T19:35:24","guid":{"rendered":"https:\/\/papelim.co\/?page_id=315"},"modified":"2023-09-04T21:58:09","modified_gmt":"2023-09-04T19:58:09","slug":"quienes-somos","status":"publish","type":"page","link":"https:\/\/papelim.co\/index.php\/quienes-somos\/","title":{"rendered":"Quienes Somos"},"content":{"rendered":"<div id='layer_slider_1'  class='avia-layerslider main_color avia-shadow  avia-builder-el-0  el_before_av_one_half  avia-builder-el-first  container_wrap sidebar_right'  style='height: 301px; max-width: 1500px; margin: 0 auto;'  ><\/div><div id='after_layer_slider_1'  class='main_color av_default_container_wrap container_wrap sidebar_right'  ><div class='container av-section-cont-open' ><div class='template-page content  av-content-small alpha units'><div class='post-entry post-entry-type-page post-entry-315'><div class='entry-content-wrapper clearfix'>\n<div class='flex_column av-dpu0r-0e70309b24291e48422ea6b2e5fca563 av_one_half  avia-builder-el-1  el_after_av_layerslider  el_before_av_one_half  avia-builder-el-first  first flex_column_div '     ><div  class='avia-video av-ll709yfp-f65ccd9f2023b488bd6e3ccd26ff244b avia-video-16-9 av-no-preview-image avia-video-load-always avia-video-html5'  itemprop=\"video\" itemtype=\"https:\/\/schema.org\/VideoObject\"  data-original_url='https:\/\/papelim.co\/wp-content\/uploads\/2023\/08\/video-papelim.mp4'><video class='avia_video'    preload=\"auto\"  controls id='player_315_930169014_1516995793'><source src='https:\/\/papelim.co\/wp-content\/uploads\/2023\/08\/video-papelim.mp4' type='video\/mp4' \/><\/video><\/div><\/div>\n<div class='flex_column av-75c4r-b296338b7394f7a0f53b6b0fbb266200 av_one_half  avia-builder-el-3  el_after_av_one_half  el_before_av_section  avia-builder-el-last  flex_column_div '     ><section  class='av_textblock_section av-ll6zun69-104ca7854206e813c46911ad916c0584'  itemscope=\"itemscope\" itemtype=\"https:\/\/schema.org\/CreativeWork\" ><div class='avia_textblock'  itemprop=\"text\" ><div align=\"justify\">\n<h1 style=\"text-align: center;\"><\/h1>\n<h5>PAPELIM S.A.S. es una empresa productora y comercializadora de impermeabilizantes, fundada en Medell\u00edn en el a\u00f1o 1.967. Tenemos la visi\u00f3n de ser los mejores, entregando la mejor calidad y servicio, con las mejores pr\u00e1cticas de manufactura, un calificado recurso humano y un amplio portafolio de productos. M\u00e1s de 50 a\u00f1os protegiendo los techos de los Colombianos. Productos que cuentan con la calidad que solo la experiencia nos puede dar. Tenemos la capacidad de abastecer tu negocio.<\/h5>\n<\/div>\n<\/div><\/section><\/div><\/div><\/div><\/div><!-- close content main div --><\/div><\/div>\n<style type=\"text\/css\" data-created_by=\"avia_inline_auto\" id=\"style-css-av-n0377-c8331a6ee6e52fe618efd3a70f436fc4\">\n.avia-section.av-n0377-c8331a6ee6e52fe618efd3a70f436fc4 .av-parallax .av-parallax-inner{\nbackground-color:rgba(175,0,0,0.59);\nbackground-image:url(https:\/\/papelim.co\/wp-content\/uploads\/2015\/10\/house-wire-model-fade-white-1500x1085.png);\nbackground-repeat:no-repeat;\nbackground-position:100% 50%;\nbackground-attachment:scroll;\n}\n<\/style>\n<div id='av_section_1'  class='avia-section av-n0377-c8331a6ee6e52fe618efd3a70f436fc4 main_color avia-section-default avia-no-border-styling  avia-builder-el-5  el_after_av_one_half  el_before_av_hr  avia-full-stretch av-parallax-section avia-bg-style-parallax container_wrap sidebar_right'  data-section-bg-repeat='stretch'><div class='av-parallax' data-avia-parallax-ratio='0.3' ><div class='av-parallax-inner main_color avia-full-stretch'><\/div><\/div><div class='container av-section-cont-open' ><div class='template-page content  av-content-small alpha units'><div class='post-entry post-entry-type-page post-entry-315'><div class='entry-content-wrapper clearfix'>\n<div class='flex_column_table av-gqtmr-bb84e350179e93b763c2f5520fa86aa8 sc-av_three_fourth av-equal-height-column-flextable'>\n<style type=\"text\/css\" data-created_by=\"avia_inline_auto\" id=\"style-css-av-gqtmr-bb84e350179e93b763c2f5520fa86aa8\">\n.flex_column.av-gqtmr-bb84e350179e93b763c2f5520fa86aa8{\n-webkit-border-radius:0px 0px 0px 0px;\n-moz-border-radius:0px 0px 0px 0px;\nborder-radius:0px 0px 0px 0px;\npadding:0px 0px 0px 0px;\n}\n<\/style>\n<div class='flex_column av-gqtmr-bb84e350179e93b763c2f5520fa86aa8 av_three_fourth  avia-builder-el-6  el_before_av_one_fourth  avia-builder-el-first  first flex_column_table_cell av-equal-height-column av-align-middle av-animated-generic left-to-right av-zero-column-padding '     ><style type=\"text\/css\" data-created_by=\"avia_inline_auto\" id=\"style-css-av-ll6zwgdu-4c7eddb84230810ca4e3ed7b4f883530\">\n#top .av-special-heading.av-ll6zwgdu-4c7eddb84230810ca4e3ed7b4f883530{\npadding-bottom:0;\ncolor:#ffffff;\nfont-size:30px;\n}\nbody .av-special-heading.av-ll6zwgdu-4c7eddb84230810ca4e3ed7b4f883530 .av-special-heading-tag .heading-char{\nfont-size:25px;\n}\n#top #wrap_all .av-special-heading.av-ll6zwgdu-4c7eddb84230810ca4e3ed7b4f883530 .av-special-heading-tag{\nfont-size:30px;\n}\n.av-special-heading.av-ll6zwgdu-4c7eddb84230810ca4e3ed7b4f883530 .special-heading-inner-border{\nborder-color:#ffffff;\n}\n.av-special-heading.av-ll6zwgdu-4c7eddb84230810ca4e3ed7b4f883530 .av-subheading{\nfont-size:15px;\n}\n\n@media only screen and (min-width: 480px) and (max-width: 767px){ \n#top #wrap_all .av-special-heading.av-ll6zwgdu-4c7eddb84230810ca4e3ed7b4f883530 .av-special-heading-tag{\nfont-size:0.8em;\n}\n}\n\n@media only screen and (max-width: 479px){ \n#top #wrap_all .av-special-heading.av-ll6zwgdu-4c7eddb84230810ca4e3ed7b4f883530 .av-special-heading-tag{\nfont-size:0.8em;\n}\n}\n<\/style>\n<div  class='av-special-heading av-ll6zwgdu-4c7eddb84230810ca4e3ed7b4f883530 av-special-heading-h3 custom-color-heading blockquote modern-quote  avia-builder-el-7  avia-builder-el-no-sibling  av-inherit-size'><h3 class='av-special-heading-tag'  itemprop=\"headline\"  >Nuestros productos impermeabilizantes son elaborados con materias primas de la mejor calidad, armaduras de poli\u00e9ster y asfaltos bajo normas especificas y un estricto control de calidad. Son flexibles y se acoplan a cualquier forma de superficie. <\/h3><div class=\"special-heading-border\"><div class=\"special-heading-inner-border\"><\/div><\/div><\/div><\/div><div class='av-flex-placeholder'><\/div>\n<style type=\"text\/css\" data-created_by=\"avia_inline_auto\" id=\"style-css-av-7syfv-9f695b0b93080b962823b8966be976e3\">\n.flex_column.av-7syfv-9f695b0b93080b962823b8966be976e3{\n-webkit-border-radius:0px 0px 0px 0px;\n-moz-border-radius:0px 0px 0px 0px;\nborder-radius:0px 0px 0px 0px;\npadding:0px 0px 0px 0px;\n}\n<\/style>\n<div class='flex_column av-7syfv-9f695b0b93080b962823b8966be976e3 av_one_fourth  avia-builder-el-8  el_after_av_three_fourth  avia-builder-el-last  flex_column_table_cell av-equal-height-column av-align-middle av-animated-generic right-to-left av-zero-column-padding '     ><div  class='avia-button-wrap av-ll6zwtay-06b81b33716838b9979059ace11ef26f-wrap avia-button-right  avia-builder-el-9  avia-builder-el-no-sibling '><a href='https:\/\/papelim.co\/index.php\/productos\/'  class='avia-button av-ll6zwtay-06b81b33716838b9979059ace11ef26f avia-icon_select-no avia-size-large avia-position-right avia-color-light'  ><span class='avia_iconbox_title' >PRODUCTOS<\/span><\/a><\/div><\/div><\/div><!--close column table wrapper. Autoclose: 1 --><\/div><\/div><\/div><!-- close content main div --><\/div><\/div><div id='after_section_1'  class='main_color av_default_container_wrap container_wrap sidebar_right'  ><div class='container av-section-cont-open' ><div class='template-page content  av-content-small alpha units'><div class='post-entry post-entry-type-page post-entry-315'><div class='entry-content-wrapper clearfix'><div  class='hr av-1ar2ir-bf4e72c1739c57b77b9afd963dfd8dca hr-default  avia-builder-el-10  el_after_av_section  avia-builder-el-no-sibling '><span class='hr-inner '><span class=\"hr-inner-style\"><\/span><\/span><\/div><\/p>\n<div class=\"pvc_clear\"><\/div><p id=\"pvc_stats_315\" class=\"pvc_stats all  \" data-element-id=\"315\" style=\"\"><i class=\"pvc-stats-icon medium\" aria-hidden=\"true\"><svg aria-hidden=\"true\" focusable=\"false\" data-prefix=\"far\" data-icon=\"chart-bar\" role=\"img\" xmlns=\"http:\/\/www.w3.org\/2000\/svg\" viewBox=\"0 0 512 512\" class=\"svg-inline--fa fa-chart-bar fa-w-16 fa-2x\"><path fill=\"currentColor\" d=\"M396.8 352h22.4c6.4 0 12.8-6.4 12.8-12.8V108.8c0-6.4-6.4-12.8-12.8-12.8h-22.4c-6.4 0-12.8 6.4-12.8 12.8v230.4c0 6.4 6.4 12.8 12.8 12.8zm-192 0h22.4c6.4 0 12.8-6.4 12.8-12.8V140.8c0-6.4-6.4-12.8-12.8-12.8h-22.4c-6.4 0-12.8 6.4-12.8 12.8v198.4c0 6.4 6.4 12.8 12.8 12.8zm96 0h22.4c6.4 0 12.8-6.4 12.8-12.8V204.8c0-6.4-6.4-12.8-12.8-12.8h-22.4c-6.4 0-12.8 6.4-12.8 12.8v134.4c0 6.4 6.4 12.8 12.8 12.8zM496 400H48V80c0-8.84-7.16-16-16-16H16C7.16 64 0 71.16 0 80v336c0 17.67 14.33 32 32 32h464c8.84 0 16-7.16 16-16v-16c0-8.84-7.16-16-16-16zm-387.2-48h22.4c6.4 0 12.8-6.4 12.8-12.8v-70.4c0-6.4-6.4-12.8-12.8-12.8h-22.4c-6.4 0-12.8 6.4-12.8 12.8v70.4c0 6.4 6.4 12.8 12.8 12.8z\" class=\"\"><\/path><\/svg><\/i> <img loading=\"lazy\" decoding=\"async\" width=\"16\" height=\"16\" alt=\"Loading\" src=\"https:\/\/papelim.co\/wp-content\/plugins\/page-views-count\/ajax-loader-2x.gif\" border=0 \/><\/p><div class=\"pvc_clear\"><\/div>","protected":false},"excerpt":{"rendered":"<div class=\"pvc_clear\"><\/div>\n<p id=\"pvc_stats_315\" class=\"pvc_stats all  \" data-element-id=\"315\" style=\"\"><i class=\"pvc-stats-icon medium\" aria-hidden=\"true\"><svg aria-hidden=\"true\" focusable=\"false\" data-prefix=\"far\" data-icon=\"chart-bar\" role=\"img\" xmlns=\"http:\/\/www.w3.org\/2000\/svg\" viewBox=\"0 0 512 512\" class=\"svg-inline--fa fa-chart-bar fa-w-16 fa-2x\"><path fill=\"currentColor\" d=\"M396.8 352h22.4c6.4 0 12.8-6.4 12.8-12.8V108.8c0-6.4-6.4-12.8-12.8-12.8h-22.4c-6.4 0-12.8 6.4-12.8 12.8v230.4c0 6.4 6.4 12.8 12.8 12.8zm-192 0h22.4c6.4 0 12.8-6.4 12.8-12.8V140.8c0-6.4-6.4-12.8-12.8-12.8h-22.4c-6.4 0-12.8 6.4-12.8 12.8v198.4c0 6.4 6.4 12.8 12.8 12.8zm96 0h22.4c6.4 0 12.8-6.4 12.8-12.8V204.8c0-6.4-6.4-12.8-12.8-12.8h-22.4c-6.4 0-12.8 6.4-12.8 12.8v134.4c0 6.4 6.4 12.8 12.8 12.8zM496 400H48V80c0-8.84-7.16-16-16-16H16C7.16 64 0 71.16 0 80v336c0 17.67 14.33 32 32 32h464c8.84 0 16-7.16 16-16v-16c0-8.84-7.16-16-16-16zm-387.2-48h22.4c6.4 0 12.8-6.4 12.8-12.8v-70.4c0-6.4-6.4-12.8-12.8-12.8h-22.4c-6.4 0-12.8 6.4-12.8 12.8v70.4c0 6.4 6.4 12.8 12.8 12.8z\" class=\"\"><\/path><\/svg><\/i> <img loading=\"lazy\" decoding=\"async\" width=\"16\" height=\"16\" alt=\"Loading\" src=\"https:\/\/papelim.co\/wp-content\/plugins\/page-views-count\/ajax-loader-2x.gif\" border=0 \/><\/p>\n<div class=\"pvc_clear\"><\/div>\n","protected":false},"author":1,"featured_media":0,"parent":0,"menu_order":0,"comment_status":"closed","ping_status":"closed","template":"","meta":{"_joinchat":[],"footnotes":""},"class_list":["post-315","page","type-page","status-publish","hentry"],"a3_pvc":{"activated":true,"total_views":854,"today_views":0},"_links":{"self":[{"href":"https:\/\/papelim.co\/index.php\/wp-json\/wp\/v2\/pages\/315","targetHints":{"allow":["GET"]}}],"collection":[{"href":"https:\/\/papelim.co\/index.php\/wp-json\/wp\/v2\/pages"}],"about":[{"href":"https:\/\/papelim.co\/index.php\/wp-json\/wp\/v2\/types\/page"}],"author":[{"embeddable":true,"href":"https:\/\/papelim.co\/index.php\/wp-json\/wp\/v2\/users\/1"}],"replies":[{"embeddable":true,"href":"https:\/\/papelim.co\/index.php\/wp-json\/wp\/v2\/comments?post=315"}],"version-history":[{"count":19,"href":"https:\/\/papelim.co\/index.php\/wp-json\/wp\/v2\/pages\/315\/revisions"}],"predecessor-version":[{"id":685,"href":"https:\/\/papelim.co\/index.php\/wp-json\/wp\/v2\/pages\/315\/revisions\/685"}],"wp:attachment":[{"href":"https:\/\/papelim.co\/index.php\/wp-json\/wp\/v2\/media?parent=315"}],"curies":[{"name":"wp","href":"https:\/\/api.w.org\/{rel}","templated":true}]}}